{"id":3829,"date":"2020-10-07T10:17:10","date_gmt":"2020-10-07T14:17:10","guid":{"rendered":"https:\/\/seeds.ca\/schoolfoodgardens\/?page_id=3829"},"modified":"2025-03-10T14:36:23","modified_gmt":"2025-03-10T18:36:23","slug":"indoorgrowing","status":"publish","type":"page","link":"https:\/\/seeds.ca\/schoolfoodgardens\/indoorgrowing\/","title":{"rendered":"Indoor Growing at Schools"},"content":{"rendered":"<p>[et_pb_section fb_built=&#8221;1&#8243; _builder_version=&#8221;3.0.84&#8243; background_image=&#8221;https:\/\/seeds.ca\/schoolfoodgardens\/wp-content\/uploads\/2018\/01\/hands-garden-bg.jpg&#8221; custom_padding=&#8221;20px||20px|&#8221;][et_pb_row custom_padding=&#8221;50px||50px|&#8221; _builder_version=&#8221;3.0.84&#8243; background_size=&#8221;initial&#8221; background_position=&#8221;top_left&#8221; background_repeat=&#8221;repeat&#8221;][et_pb_column type=&#8221;4_4&#8243; _builder_version=&#8221;3.0.47&#8243; parallax=&#8221;off&#8221; parallax_method=&#8221;on&#8221;][et_pb_blurb title=&#8221;Indoor Growing&#8221; content_max_width=&#8221;976px&#8221; _builder_version=&#8221;3.0.84&#8243; header_level=&#8221;h2&#8243; header_font=&#8221;almelo|||on|||||&#8221; header_text_align=&#8221;center&#8221; header_font_size=&#8221;85px&#8221; header_text_color=&#8221;#f7f7f7&#8243;]<br \/>\n[\/et_pb_blurb][\/et_pb_column][\/et_pb_row][\/et_pb_section][et_pb_section fb_built=&#8221;1&#8243; _builder_version=&#8221;3.0.84&#8243; background_image=&#8221;https:\/\/seeds.ca\/schoolfoodgardens\/wp-content\/uploads\/2020\/04\/color-swatch-f5f5f5-2.jpg&#8221; custom_padding=&#8221;0px||0px|&#8221;][et_pb_row custom_padding=&#8221;0px||0px|&#8221; _builder_version=&#8221;3.0.84&#8243;][et_pb_column type=&#8221;4_4&#8243; _builder_version=&#8221;3.0.84&#8243; parallax=&#8221;off&#8221; parallax_method=&#8221;on&#8221;][et_pb_image src=&#8221;https:\/\/seeds.ca\/schoolfoodgardens\/wp-content\/uploads\/2022\/11\/Copy-of-logo-lg-bg.png&#8221; url=&#8221;https:\/\/seeds.ca\/schoolfoodgardens\/school-garden-network\/&#8221; _builder_version=&#8221;3.0.84&#8243; max_width=&#8221;40%&#8221; module_alignment=&#8221;center&#8221;][\/et_pb_image][\/et_pb_column][\/et_pb_row][\/et_pb_section][et_pb_section fb_built=&#8221;1&#8243; _builder_version=&#8221;3.0.84&#8243; custom_padding=&#8221;0px||0px|&#8221;][et_pb_row custom_padding=&#8221;50px|||&#8221; _builder_version=&#8221;3.0.84&#8243;][et_pb_column type=&#8221;4_4&#8243; _builder_version=&#8221;3.0.84&#8243; parallax=&#8221;off&#8221; parallax_method=&#8221;on&#8221;][et_pb_code _builder_version=&#8221;3.0.84&#8243;]&lt;iframe src=&#8221;https:\/\/www.google.com\/maps\/d\/u\/0\/embed?mid=1t0DCJOT-iqAWokuxG6mSmwUm5w7-0UI&amp;ehbc=2E312F&amp;noprof=1&#8243; width=&#8221;1000&#8243; height=&#8221;600&#8243;&gt;&lt;\/iframe&gt;[\/et_pb_code][\/et_pb_column][\/et_pb_row][et_pb_row custom_padding=&#8221;0px|||&#8221; _builder_version=&#8221;3.0.84&#8243;][et_pb_column type=&#8221;4_4&#8243; _builder_version=&#8221;3.0.47&#8243; parallax=&#8221;off&#8221; parallax_method=&#8221;on&#8221;][et_pb_blurb content_max_width=&#8221;1100px&#8221; _builder_version=&#8221;3.0.84&#8243; body_text_align=&#8221;center&#8221; body_font_size=&#8221;30px&#8221; custom_padding=&#8221;40px|||&#8221;]<\/p>\n<p>Indoor seed starting for elevated learning and food production.<\/p>\n<p>[\/et_pb_blurb][et_pb_blurb content_max_width=&#8221;1100px&#8221; _builder_version=&#8221;3.0.84&#8243; body_text_align=&#8221;center&#8221; body_font_size=&#8221;16px&#8221; body_line_height=&#8221;1.8em&#8221; custom_padding=&#8221;30px||20px|&#8221;]<\/p>\n<p>In 2025, 18 schools across Waterloo Region were awarded indoor seed starting kits, to elevate learning and food production on school grounds and within school communities. An additional 7 schools were awarded hydroponic systems (details below).<\/p>\n<p>[\/et_pb_blurb][et_pb_blurb title=&#8221;CONGRATULATIONS TO our RECIPIENT SCHOOLS&#8221; content_max_width=&#8221;1013px&#8221; _builder_version=&#8221;3.0.84&#8243; header_level=&#8221;h2&#8243; header_font=&#8221;almelo||||||||&#8221; header_text_align=&#8221;center&#8221;][\/et_pb_blurb][\/et_pb_column][\/et_pb_row][et_pb_row _builder_version=&#8221;3.0.84&#8243;][et_pb_column type=&#8221;1_2&#8243; _builder_version=&#8221;3.0.84&#8243; parallax=&#8221;off&#8221; parallax_method=&#8221;on&#8221;][et_pb_blurb _builder_version=&#8221;3.0.84&#8243; body_font=&#8221;||||||||&#8221; body_text_align=&#8221;center&#8221; body_font_size=&#8221;16px&#8221;]<\/p>\n<p><span style=\"font-size: large;\"><strong>1-Tier Systems<\/strong><\/span><\/p>\n<p><span style=\"font-size: 16px;\">Grandview P.S. (New Hamburg)\u00a0<\/span><\/p>\n<p><span style=\"font-size: 16px;\">Jean Steckle P.S. (Kitchener)<\/span><\/p>\n<p>J.F. Carmichael P.S. (Kitchener)<\/p>\n<p>John Mahood P.S. (Elmira)<\/p>\n<p>Southwood S.S. (Cambridge)<\/p>\n<p>St. Augustine C.E.S (Cambridge)<\/p>\n<p>St. Elizabeth C.E.S. (Cambridge)<\/p>\n<p>St. Paul\u00a0C.E.S. (Kitchener)<\/p>\n<p>Winston Churchill P.S. (Waterloo)<\/p>\n<p>[\/et_pb_blurb][\/et_pb_column][et_pb_column type=&#8221;1_2&#8243; _builder_version=&#8221;3.0.84&#8243; parallax=&#8221;off&#8221; parallax_method=&#8221;on&#8221;][et_pb_blurb _builder_version=&#8221;3.0.84&#8243; body_font=&#8221;||||||||&#8221; body_text_align=&#8221;center&#8221; body_font_size=&#8221;16px&#8221;]<\/p>\n<p><span style=\"color: #3f2900; font-size: large;\"><strong>3-Tier Systems<\/strong><\/span><\/p>\n<p>Bluevale C.I. (Waterloo)<\/p>\n<p>Cameron Heights C.I. (Kitchener)<\/p>\n<p>Galt C.I. (Cambridge)<\/p>\n<p>Hespeler P.S. (Cambridge)<\/p>\n<p>KCI (Kitchener)<\/p>\n<p>Margaret Ave Senior P.S. (Kitchener)<\/p>\n<p>St Gabriel CES (Cambridge)<\/p>\n<p>U-Turn Cambridge (Cambridge)<\/p>\n<p>[\/et_pb_blurb][\/et_pb_column][\/et_pb_row][et_pb_row _builder_version=&#8221;3.0.84&#8243;][et_pb_column type=&#8221;4_4&#8243; _builder_version=&#8221;3.0.84&#8243; parallax=&#8221;off&#8221; parallax_method=&#8221;on&#8221;][et_pb_gallery gallery_ids=&#8221;14284,14285,14286,14283&#8243; gallery_captions=&#8221;,,,&#8221; fullwidth=&#8221;on&#8221; _builder_version=&#8221;3.0.84&#8243; max_width=&#8221;53%&#8221; module_alignment=&#8221;center&#8221;][\/et_pb_gallery][\/et_pb_column][\/et_pb_row][et_pb_row custom_padding=&#8221;0px|||&#8221; _builder_version=&#8221;3.0.84&#8243;][et_pb_column type=&#8221;4_4&#8243; _builder_version=&#8221;3.0.47&#8243; parallax=&#8221;off&#8221; parallax_method=&#8221;on&#8221;][et_pb_blurb content_max_width=&#8221;1100px&#8221; _builder_version=&#8221;3.0.84&#8243; body_text_align=&#8221;center&#8221; body_font_size=&#8221;30px&#8221; custom_padding=&#8221;40px|||&#8221;]<\/p>\n<p>Indoor, hydroponic systems for year-round classroom growing.<\/p>\n<p>[\/et_pb_blurb][et_pb_blurb content_max_width=&#8221;1100px&#8221; _builder_version=&#8221;3.0.84&#8243; body_text_align=&#8221;center&#8221; body_font_size=&#8221;16px&#8221; body_line_height=&#8221;1.8em&#8221; custom_padding=&#8221;30px||20px|&#8221;]<\/p>\n<p>We have provided select schools with indoor hydroponic systems for year-round food production.<\/p>\n<p>In 2019 and 2020, a total of seven schools received <a href=\"https:\/\/www.towergarden.ca\/\" target=\"_blank\" rel=\"noopener noreferrer\">Tower Gardens<\/a>\u00a0and in 2022, three schools received\u00a0<a href=\"https:\/\/nutritower.ca\/\" target=\"_blank\" rel=\"noopener noreferrer\">NutriTowers<\/a>.<\/p>\n<p>Then, in March 2025, an additional seven schools were awarded indoor hydroponic systems from <a href=\"https:\/\/nuleaffarms.ca\/\">NuLeaf Farms<\/a>. Updates and success stories will be shared as the systems are put to use!<\/p>\n<p>[\/et_pb_blurb][\/et_pb_column][\/et_pb_row][et_pb_row _builder_version=&#8221;3.0.84&#8243;][et_pb_column type=&#8221;4_4&#8243; _builder_version=&#8221;3.0.84&#8243; parallax=&#8221;off&#8221; parallax_method=&#8221;on&#8221;][et_pb_blurb title=&#8221;CONGRATULATIONS TO OUR 2025 RECIPIENT SCHOOLS&#8221; content_max_width=&#8221;1013px&#8221; _builder_version=&#8221;3.0.84&#8243; header_level=&#8221;h2&#8243; header_font=&#8221;almelo||||||||&#8221; header_text_align=&#8221;center&#8221;][\/et_pb_blurb][et_pb_blurb _builder_version=&#8221;3.0.84&#8243; body_font=&#8221;||||||||&#8221; body_text_align=&#8221;center&#8221; body_font_size=&#8221;16px&#8221;]<\/p>\n<p>Cedar Creek P.S. (Ayr)<\/p>\n<p>Huron Heights S.S. (Kitchener)<\/p>\n<p>Floradale P.S. (Floradale)<\/p>\n<p>Glenview Park S.S. (Cambridge)<\/p>\n<p>KCI (Kitchener)<\/p>\n<p>M\u00e8re-\u00c9lisabeth-Bruy\u00e8re (Waterloo)<\/p>\n<p>WCI (Waterloo)<\/p>\n<p>&nbsp;<\/p>\n<p>[\/et_pb_blurb][et_pb_blurb title=&#8221;CONGRATULATIONS TO OUR 2019-2022 RECIPIENT SCHOOLS&#8221; content_max_width=&#8221;1013px&#8221; _builder_version=&#8221;3.0.84&#8243; header_level=&#8221;h2&#8243; header_font=&#8221;almelo||||||||&#8221; header_text_align=&#8221;center&#8221;][\/et_pb_blurb][et_pb_blurb _builder_version=&#8221;3.0.84&#8243; body_font=&#8221;||||||||&#8221; body_text_align=&#8221;center&#8221; body_font_size=&#8221;16px&#8221;]<\/p>\n<p>Alpine Public School (Kitchener)<\/p>\n<p>Alternative Education &#8211; Cambridge Site (Cambridge)<\/p>\n<p>Eastwood Collegiate Institute (Kitchener)<\/p>\n<p>Elmira District Secondary School (Elmira)<\/p>\n<p>Meadowland Public School (Kitchener)<\/p>\n<p>Sheppard Public School (Kitchener)<\/p>\n<p>Silverheights Public School (Cambridge)<\/p>\n<p>St. Bernadette Catholic School (Kitchener)<\/p>\n<p>St. Teresa School (Kitchener)<\/p>\n<p>Westvale Public School (Waterloo)<\/p>\n<p>[\/et_pb_blurb][\/et_pb_column][\/et_pb_row][et_pb_row _builder_version=&#8221;3.0.84&#8243;][et_pb_column type=&#8221;4_4&#8243; _builder_version=&#8221;3.0.84&#8243; parallax=&#8221;off&#8221; parallax_method=&#8221;on&#8221;][et_pb_blurb title=&#8221;See below for some images of the school&#8217;s Tower Gardens and NutriTowers!&#8221; content_max_width=&#8221;1100px&#8221; _builder_version=&#8221;3.0.84&#8243; header_level=&#8221;h5&#8243; header_font=&#8221;||||||||&#8221; header_text_align=&#8221;center&#8221; body_font=&#8221;||||||||&#8221;][\/et_pb_blurb][\/et_pb_column][\/et_pb_row][et_pb_row make_fullwidth=&#8221;on&#8221; custom_padding=&#8221;30px|||&#8221; custom_margin=&#8221;|||250px&#8221; _builder_version=&#8221;3.0.84&#8243;][et_pb_column type=&#8221;4_4&#8243; _builder_version=&#8221;3.0.47&#8243; parallax=&#8221;off&#8221; parallax_method=&#8221;on&#8221;][et_pb_gallery gallery_ids=&#8221;7996,7994,7993&#8243; gallery_captions=&#8221;,,&#8221; posts_number=&#8221;3&#8243; orientation=&#8221;portrait&#8221; show_title_and_caption=&#8221;off&#8221; background_layout=&#8221;dark&#8221; _builder_version=&#8221;3.0.84&#8243;]<br \/>\n[\/et_pb_gallery][et_pb_gallery gallery_ids=&#8221;7995,7997,7998&#8243; gallery_captions=&#8221;,,&#8221; posts_number=&#8221;3&#8243; background_layout=&#8221;dark&#8221; box_shadow_style_image=&#8221;preset1&#8243; _builder_version=&#8221;3.0.84&#8243; caption_font=&#8221;||||||||&#8221;]<br \/>\n[\/et_pb_gallery][\/et_pb_column][\/et_pb_row][\/et_pb_section]<\/p>\n","protected":false},"excerpt":{"rendered":"<p>[et_pb_section fb_built=&#8221;1&#8243; _builder_version=&#8221;3.0.84&#8243; background_image=&#8221;https:\/\/seeds.ca\/schoolfoodgardens\/wp-content\/uploads\/2018\/01\/hands-garden-bg.jpg&#8221; custom_padding=&#8221;20px||20px|&#8221;][et_pb_row custom_padding=&#8221;50px||50px|&#8221; _builder_version=&#8221;3.0.84&#8243; background_size=&#8221;initial&#8221; background_position=&#8221;top_left&#8221; background_repeat=&#8221;repeat&#8221;][et_pb_column type=&#8221;4_4&#8243; _builder_version=&#8221;3.0.47&#8243; parallax=&#8221;off&#8221; parallax_method=&#8221;on&#8221;][et_pb_blurb title=&#8221;Indoor Growing&#8221; content_max_width=&#8221;976px&#8221; _builder_version=&#8221;3.0.84&#8243; header_level=&#8221;h2&#8243; header_font=&#8221;almelo|||on|||||&#8221; header_text_align=&#8221;center&#8221; header_font_size=&#8221;85px&#8221; header_text_color=&#8221;#f7f7f7&#8243;] [\/et_pb_blurb][\/et_pb_column][\/et_pb_row][\/et_pb_section][et_pb_section fb_built=&#8221;1&#8243; _builder_version=&#8221;3.0.84&#8243; background_image=&#8221;https:\/\/seeds.ca\/schoolfoodgardens\/wp-content\/uploads\/2020\/04\/color-swatch-f5f5f5-2.jpg&#8221; custom_padding=&#8221;0px||0px|&#8221;][et_pb_row custom_padding=&#8221;0px||0px|&#8221; _builder_version=&#8221;3.0.84&#8243;][et_pb_column type=&#8221;4_4&#8243; _builder_version=&#8221;3.0.84&#8243; parallax=&#8221;off&#8221; parallax_method=&#8221;on&#8221;][et_pb_image src=&#8221;https:\/\/seeds.ca\/schoolfoodgardens\/wp-content\/uploads\/2022\/11\/Copy-of-logo-lg-bg.png&#8221; url=&#8221;https:\/\/seeds.ca\/schoolfoodgardens\/school-garden-network\/&#8221; _builder_version=&#8221;3.0.84&#8243; max_width=&#8221;40%&#8221; module_alignment=&#8221;center&#8221;][\/et_pb_image][\/et_pb_column][\/et_pb_row][\/et_pb_section][et_pb_section fb_built=&#8221;1&#8243; _builder_version=&#8221;3.0.84&#8243; custom_padding=&#8221;0px||0px|&#8221;][et_pb_row custom_padding=&#8221;50px|||&#8221; _builder_version=&#8221;3.0.84&#8243;][et_pb_column type=&#8221;4_4&#8243; _builder_version=&#8221;3.0.84&#8243; parallax=&#8221;off&#8221; parallax_method=&#8221;on&#8221;][et_pb_code _builder_version=&#8221;3.0.84&#8243;]&lt;iframe src=&#8221;https:\/\/www.google.com\/maps\/d\/u\/0\/embed?mid=1t0DCJOT-iqAWokuxG6mSmwUm5w7-0UI&amp;ehbc=2E312F&amp;noprof=1&#8243; width=&#8221;1000&#8243; height=&#8221;600&#8243;&gt;&lt;\/iframe&gt;[\/et_pb_code][\/et_pb_column][\/et_pb_row][et_pb_row custom_padding=&#8221;0px|||&#8221; _builder_version=&#8221;3.0.84&#8243;][et_pb_column type=&#8221;4_4&#8243; [&hellip;]<\/p>\n","protected":false},"author":2,"featured_media":0,"parent":0,"menu_order":0,"comment_status":"closed","ping_status":"closed","template":"","meta":{"_bbp_topic_count":0,"_bbp_reply_count":0,"_bbp_total_topic_count":0,"_bbp_total_reply_count":0,"_bbp_voice_count":0,"_bbp_anonymous_reply_count":0,"_bbp_topic_count_hidden":0,"_bbp_reply_count_hidden":0,"_bbp_forum_subforum_count":0,"om_disable_all_campaigns":false,"_mi_skip_tracking":false},"aioseo_notices":[],"_links":{"self":[{"href":"https:\/\/seeds.ca\/schoolfoodgardens\/wp-json\/wp\/v2\/pages\/3829"}],"collection":[{"href":"https:\/\/seeds.ca\/schoolfoodgardens\/wp-json\/wp\/v2\/pages"}],"about":[{"href":"https:\/\/seeds.ca\/schoolfoodgardens\/wp-json\/wp\/v2\/types\/page"}],"author":[{"embeddable":true,"href":"https:\/\/seeds.ca\/schoolfoodgardens\/wp-json\/wp\/v2\/users\/2"}],"replies":[{"embeddable":true,"href":"https:\/\/seeds.ca\/schoolfoodgardens\/wp-json\/wp\/v2\/comments?post=3829"}],"version-history":[{"count":32,"href":"https:\/\/seeds.ca\/schoolfoodgardens\/wp-json\/wp\/v2\/pages\/3829\/revisions"}],"predecessor-version":[{"id":14301,"href":"https:\/\/seeds.ca\/schoolfoodgardens\/wp-json\/wp\/v2\/pages\/3829\/revisions\/14301"}],"wp:attachment":[{"href":"https:\/\/seeds.ca\/schoolfoodgardens\/wp-json\/wp\/v2\/media?parent=3829"}],"curies":[{"name":"wp","href":"https:\/\/api.w.org\/{rel}","templated":true}]}}